
{"id":769,"date":"2019-06-24T12:41:54","date_gmt":"2019-06-24T12:41:54","guid":{"rendered":"https:\/\/budker.uni-mainz.de\/?page_id=769"},"modified":"2019-08-19T08:35:55","modified_gmt":"2019-08-19T08:35:55","slug":"tactica","status":"publish","type":"page","link":"https:\/\/budker.uni-mainz.de\/?page_id=769","title":{"rendered":"TACTICA"},"content":{"rendered":"\n<p>TACTICa stands for Trapped And Cooled Thorium Ion spectroscopy via Calcium<\/p>\n\n\n\n<figure class=\"wp-block-image\"><img loading=\"lazy\" decoding=\"async\" width=\"600\" height=\"425\" src=\"https:\/\/budker.uni-mainz.de\/wp-content\/uploads\/2019\/06\/csm_TACTICa_Kern_klein_4954f88fe1.png\" alt=\"\" class=\"wp-image-771\" srcset=\"https:\/\/budker.uni-mainz.de\/wp-content\/uploads\/2019\/06\/csm_TACTICa_Kern_klein_4954f88fe1.png 600w, https:\/\/budker.uni-mainz.de\/wp-content\/uploads\/2019\/06\/csm_TACTICa_Kern_klein_4954f88fe1-300x213.png 300w\" sizes=\"auto, (max-width: 600px) 100vw, 600px\" \/><\/figure>\n\n\n\n<p>For details, check out TACTICa <a href=\"https:\/\/www.hi-mainz.de\/research\/helmholtz-excellence-networks\/tactica\/\">page<\/a> on the HIM website.<\/p>\n\n\n\n<p><strong>Publications:<\/strong><\/p>\n\n\n\n<p>Karin Groot-Berning, Felix Stopp, Georg Jacob, Dmitry Budker, Raphael Haas, Dennis Renisch, J\u00f6rg Runke, Petra Th\u00f6rle-Pospiech, Christoph D\u00fcllmann, and Ferdinand Schmidt-Kaler,<br><em>Trapping and sympathetic cooling of single thorium ions for spectroscopy<\/em>,&nbsp;<br><a href=\"https:\/\/doi.org\/10.1103\/PhysRevA.99.023420\" target=\"_blank\" rel=\"noreferrer noopener\">Phys. Rev. A<\/a>&nbsp;<strong>99<\/strong>, 023420 (2019)<a href=\"https:\/\/arxiv.org\/abs\/1807.05975\" target=\"_blank\" rel=\"noreferrer noopener\">; arXiv:1807.05975<\/a><\/p>\n\n\n\n<p>Felix Stopp, Karin Groot-Berning, Georg Jacob, Dmitry Budker, Raphael Haas, Dennis Renisch, J\u00f6rg Runke, Petra Th\u00f6rle-Pospiech, Christoph E. D\u00fcllmann, Ferdinand Schmidt-Kaler,<br><em>Catching, trapping and in-situ-identification of thorium ions inside Coulomb crystals of&nbsp;<sup>40<\/sup>Ca<sup>+<\/sup>&nbsp;ions,<\/em><br><a rel=\"noreferrer noopener\" href=\"https:\/\/link.springer.com\/article\/10.1007\/s10751-019-1579-6\" target=\"_blank\">Hyp. Int.&nbsp;<strong>240<\/strong>, 33 (2019)<\/a>.&nbsp;<\/p>\n\n\n<p><!--StartFragment--><\/p>\n\n\n<p><strong>Principal Investigators:<\/strong><\/p>\n\n\n\n<p>D. Budker (Helmholtz Institute Mainz,&nbsp;<a href=\"https:\/\/prisma.uni-mainz.de\/\" target=\"_blank\" rel=\"noreferrer noopener\">PRISMA+<\/a>&nbsp;Cluster of Excellence, and the JGU&nbsp;<a href=\"https:\/\/www.qoqi.physik.uni-mainz.de\/\" target=\"_blank\" rel=\"noreferrer noopener\">QUANTUM<\/a>group),<br>Ch.E. D\u00fcllmann (Helmholtz Institute Mainz, PRISMA+ Cluster of Excellence and Institute of Nuclear Chemistry, JGU Mainz, GSI Helmholtzzentrum f\u00fcr Schwerionenforschung Darmstadt)<br>F. Schmidt-Kaler (Helmholtz Institute Mainz, JGU, Institute for Physics, PRISMA+ Cluster of Excellence)<br>&nbsp;<\/p>\n\n\n<p><!--EndFragment--><\/p>","protected":false},"excerpt":{"rendered":"<p>TACTICa stands for Trapped And Cooled Thorium Ion spectroscopy via Calcium For details, check out TACTICa page on the HIM website. Publications: Karin Groot-Berning, Felix Stopp, Georg Jacob, Dmitry Budker, Raphael Haas, Dennis Renisch, J\u00f6rg Runke, Petra Th\u00f6rle-Pospiech, Christoph D\u00fcllmann, and Ferdinand Schmidt-Kaler,Trapping and sympathetic cooling of single thorium ions for spectroscopy,&nbsp;Phys. Rev. A&nbsp;99, 023420 [&hellip;]<\/p>\n","protected":false},"author":5,"featured_media":0,"parent":5,"menu_order":0,"comment_status":"closed","ping_status":"closed","template":"","meta":{"footnotes":"","_links_to":"","_links_to_target":""},"class_list":["post-769","page","type-page","status-publish","hentry"],"_links":{"self":[{"href":"https:\/\/budker.uni-mainz.de\/index.php?rest_route=\/wp\/v2\/pages\/769","targetHints":{"allow":["GET"]}}],"collection":[{"href":"https:\/\/budker.uni-mainz.de\/index.php?rest_route=\/wp\/v2\/pages"}],"about":[{"href":"https:\/\/budker.uni-mainz.de\/index.php?rest_route=\/wp\/v2\/types\/page"}],"author":[{"embeddable":true,"href":"https:\/\/budker.uni-mainz.de\/index.php?rest_route=\/wp\/v2\/users\/5"}],"replies":[{"embeddable":true,"href":"https:\/\/budker.uni-mainz.de\/index.php?rest_route=%2Fwp%2Fv2%2Fcomments&post=769"}],"version-history":[{"count":5,"href":"https:\/\/budker.uni-mainz.de\/index.php?rest_route=\/wp\/v2\/pages\/769\/revisions"}],"predecessor-version":[{"id":777,"href":"https:\/\/budker.uni-mainz.de\/index.php?rest_route=\/wp\/v2\/pages\/769\/revisions\/777"}],"up":[{"embeddable":true,"href":"https:\/\/budker.uni-mainz.de\/index.php?rest_route=\/wp\/v2\/pages\/5"}],"wp:attachment":[{"href":"https:\/\/budker.uni-mainz.de\/index.php?rest_route=%2Fwp%2Fv2%2Fmedia&parent=769"}],"curies":[{"name":"wp","href":"https:\/\/api.w.org\/{rel}","templated":true}]}}